{"id":77,"date":"2014-06-30T14:54:18","date_gmt":"2014-06-30T12:54:18","guid":{"rendered":"http:\/\/www.mondaydance.at\/?page_id=77"},"modified":"2023-01-30T20:33:43","modified_gmt":"2023-01-30T18:33:43","slug":"impressum","status":"publish","type":"page","link":"https:\/\/www.mondaydance.at\/?page_id=77","title":{"rendered":"Impressum"},"content":{"rendered":"<h3><strong>Haftung f\u00fcr Inhalte: <\/strong><\/h3>\n<p>Die Beitr\u00e4ge geben die pers\u00f6nliche Meinung des jeweiligen Autors wieder &#8211; sie werden vom Verein Monday Dance nur gehostet und der Verein Monday Dance ist daf\u00fcr nicht verantwortlich.<\/p>\n<p>Sollten Sie Kenntnis von rechtswidrigen Inhalten erlangen, senden Sie bitte umgehend eine e-Mail an erika.thaler@gmail.com und wir werden unverz\u00fcglich t\u00e4tig, um die Inhalte zu entfernen.<\/p>\n<p>&nbsp;<\/p>\n<p><strong>Haftung f\u00fcr Hyperlinks :<\/strong><\/p>\n<p>Der Verein Monday Dance ist gem. \u00a7 17 ECG f\u00fcr die Informationen auf die mittels elektronischen Verweises verwiesen wird nicht verantwortlich.<\/p>\n<p>Sollten Sie Kenntnis von rechtswidrigen Inalten erlangen bitte wie oben (Haftung f\u00fcr Inhalte) vorgehen.<\/p>\n<p>&nbsp;<\/p>\n<p><strong>Konzeption, Design &amp; Programmierung:<\/strong><\/p>\n<p>Theresa Hofm\u00fcller<\/p>\n<p>Fotografie &amp; Grafikdesign<\/p>\n<p>theresa@theresart.at<\/p>\n<p>www.theresart.at<\/p>\n<p><a href=\"http:\/\/www.mondaydance.at\/wp-content\/uploads\/2023\/01\/logo-theresart_mit-schrift_rgb.jpg\"><img decoding=\"async\" class=\"alignnone size-thumbnail wp-image-2185\" src=\"http:\/\/www.mondaydance.at\/wp-content\/uploads\/2023\/01\/logo-theresart_mit-schrift_rgb-150x150.jpg\" alt=\"\" width=\"150\" height=\"150\" srcset=\"https:\/\/www.mondaydance.at\/wp-content\/uploads\/2023\/01\/logo-theresart_mit-schrift_rgb-150x150.jpg 150w, https:\/\/www.mondaydance.at\/wp-content\/uploads\/2023\/01\/logo-theresart_mit-schrift_rgb-300x300.jpg 300w, https:\/\/www.mondaydance.at\/wp-content\/uploads\/2023\/01\/logo-theresart_mit-schrift_rgb-1024x1022.jpg 1024w, https:\/\/www.mondaydance.at\/wp-content\/uploads\/2023\/01\/logo-theresart_mit-schrift_rgb-768x767.jpg 768w, https:\/\/www.mondaydance.at\/wp-content\/uploads\/2023\/01\/logo-theresart_mit-schrift_rgb.jpg 1210w\" sizes=\"(max-width: 150px) 100vw, 150px\" \/><\/a><\/p>\n","protected":false},"excerpt":{"rendered":"<p>Haftung f\u00fcr Inhalte: Die Beitr\u00e4ge geben die pers\u00f6nliche Meinung des jeweiligen Autors wieder &#8211; sie werden vom Verein Monday Dance nur gehostet und der Verein Monday Dance ist daf\u00fcr nicht verantwortlich. Sollten Sie Kenntnis von rechtswidrigen Inhalten erlangen, senden Sie bitte umgehend eine e-Mail an erika.thaler@gmail.com und wir werden unverz\u00fcglich t\u00e4tig, um die Inhalte zu [&hellip;]<\/p>\n","protected":false},"author":1,"featured_media":0,"parent":0,"menu_order":7,"comment_status":"open","ping_status":"closed","template":"","meta":{"site-sidebar-layout":"default","site-content-layout":"default","ast-site-content-layout":"","site-content-style":"default","site-sidebar-style":"default","ast-global-header-display":"","ast-banner-title-visibility":"","ast-main-header-display":"disabled","ast-hfb-above-header-display":"","ast-hfb-below-header-display":"","ast-hfb-mobile-header-display":"disabled","site-post-title":"","ast-breadcrumbs-content":"","ast-featured-img":"","footer-sml-layout":"","theme-transparent-header-meta":"default","adv-header-id-meta":"","stick-header-meta":"","header-above-stick-meta":"","header-main-stick-meta":"","header-below-stick-meta":"","astra-migrate-meta-layouts":"default","ast-page-background-enabled":"default","ast-page-background-meta":{"desktop":{"background-color":"","background-image":"","background-repeat":"repeat","background-position":"center center","background-size":"auto","background-attachment":"scroll","background-type":"","background-media":"","overlay-type":"","overlay-color":"","overlay-opacity":"","overlay-gradient":""},"tablet":{"background-color":"","background-image":"","background-repeat":"repeat","background-position":"center center","background-size":"auto","background-attachment":"scroll","background-type":"","background-media":"","overlay-type":"","overlay-color":"","overlay-opacity":"","overlay-gradient":""},"mobile":{"background-color":"","background-image":"","background-repeat":"repeat","background-position":"center center","background-size":"auto","background-attachment":"scroll","background-type":"","background-media":"","overlay-type":"","overlay-color":"","overlay-opacity":"","overlay-gradient":""}},"ast-content-background-meta":{"desktop":{"background-color":"var(--ast-global-color-5)","background-image":"","background-repeat":"repeat","background-position":"center center","background-size":"auto","background-attachment":"scroll","background-type":"","background-media":"","overlay-type":"","overlay-color":"","overlay-opacity":"","overlay-gradient":""},"tablet":{"background-color":"var(--ast-global-color-5)","background-image":"","background-repeat":"repeat","background-position":"center center","background-size":"auto","background-attachment":"scroll","background-type":"","background-media":"","overlay-type":"","overlay-color":"","overlay-opacity":"","overlay-gradient":""},"mobile":{"background-color":"var(--ast-global-color-5)","background-image":"","background-repeat":"repeat","background-position":"center center","background-size":"auto","background-attachment":"scroll","background-type":"","background-media":"","overlay-type":"","overlay-color":"","overlay-opacity":"","overlay-gradient":""}},"footnotes":""},"class_list":["post-77","page","type-page","status-publish","hentry"],"_links":{"self":[{"href":"https:\/\/www.mondaydance.at\/index.php?rest_route=\/wp\/v2\/pages\/77","targetHints":{"allow":["GET"]}}],"collection":[{"href":"https:\/\/www.mondaydance.at\/index.php?rest_route=\/wp\/v2\/pages"}],"about":[{"href":"https:\/\/www.mondaydance.at\/index.php?rest_route=\/wp\/v2\/types\/page"}],"author":[{"embeddable":true,"href":"https:\/\/www.mondaydance.at\/index.php?rest_route=\/wp\/v2\/users\/1"}],"replies":[{"embeddable":true,"href":"https:\/\/www.mondaydance.at\/index.php?rest_route=%2Fwp%2Fv2%2Fcomments&post=77"}],"version-history":[{"count":4,"href":"https:\/\/www.mondaydance.at\/index.php?rest_route=\/wp\/v2\/pages\/77\/revisions"}],"predecessor-version":[{"id":2188,"href":"https:\/\/www.mondaydance.at\/index.php?rest_route=\/wp\/v2\/pages\/77\/revisions\/2188"}],"wp:attachment":[{"href":"https:\/\/www.mondaydance.at\/index.php?rest_route=%2Fwp%2Fv2%2Fmedia&parent=77"}],"curies":[{"name":"wp","href":"https:\/\/api.w.org\/{rel}","templated":true}]}}